{"id":1851,"date":"2018-05-29T11:10:26","date_gmt":"2018-05-29T11:10:26","guid":{"rendered":"https:\/\/www.hewaks.de\/home\/"},"modified":"2020-12-03T20:35:21","modified_gmt":"2020-12-03T20:35:21","slug":"home","status":"publish","type":"page","link":"https:\/\/www.hewaks.de\/sr\/","title":{"rendered":"Po\u010detna"},"content":{"rendered":"<div class=\"wpb-content-wrapper\"><p>[vc_row full_width=&#8220;stretch_row&#8220; css=&#8220;.vc_custom_1560761229379{background-color: rgba(34,61,101,0.05) !important;*background-color: rgb(34,61,101) !important;}&#8220; el_class=&#8220;cz_reverse_row&#8220;][vc_column width=&#8220;1\/6&#8243;][\/vc_column][vc_column width=&#8220;2\/3&#8243;]<div class=\"cz_gap clr  hide_on_tablet hide_on_mobile\" style=\"height: 60px\"><\/div><div class=\"cz_gap show_on_tablet clr \" style=\"height: 20px\"><\/div><div id=\"cz_60764\" class=\"cz_60764 cz_title clr cz_mobile_text_center cz_title_pos_center\"><div class=\"cz_title_content\"><div class=\"cz_wpe_content\"><p style=\"text-align: justify;\">Mi smo mlada i veoma motivisana ekipa. Od 2020.godine radimo sa stra\u0161\u0107u i istrajno\u0161\u0107u prema na\u0161im klijentima u Rhein-Main-Gebiet regionu. Na\u0161i klijenti su fizi\u010dka lica, dr\u017eavne firme kao i\u00a0 poslovne kompanije. Na\u0161i kvaliteti su brzina, kvalitet i pouzdanost u realizaciji usluga.<\/p>\n<\/div><\/div><\/div><div class=\"cz_gap clr  hide_on_tablet hide_on_mobile\" style=\"height: 90px\"><\/div><div class=\"cz_gap show_on_tablet clr  show_only_tablet\" style=\"height: 90px\"><\/div><div class=\"cz_gap show_on_mobile clr\" style=\"height: 90px\"><\/div>[\/vc_column][vc_column width=&#8220;1\/6&#8243;][\/vc_column][\/vc_row][vc_row][vc_column width=&#8220;1\/3&#8243; offset=&#8220;vc_hidden-md vc_hidden-sm vc_hidden-xs&#8220;]<div class=\"cz_gap clr \" style=\"height: 60px\"><\/div><div id=\"cz_98553\" data-position=\"top-right\" class=\"cz_98553 cz_image clr cz_image_no_fx center_on_mobile\"><div class=\"\" ><div class=\"cz_image_in\"><div class=\"cz_main_image\"><img loading=\"lazy\" decoding=\"async\" width=\"684\" height=\"780\" src=\"https:\/\/www.hewaks.de\/wp-content\/uploads\/2019\/06\/man-thinking-plumbing.jpg\" class=\"attachment-full\" alt=\"\" title=\"man-thinking-plumbing\" srcset=\"https:\/\/www.hewaks.de\/wp-content\/uploads\/2019\/06\/man-thinking-plumbing.jpg 684w, https:\/\/www.hewaks.de\/wp-content\/uploads\/2019\/06\/man-thinking-plumbing-263x300.jpg 263w, https:\/\/www.hewaks.de\/wp-content\/uploads\/2019\/06\/man-thinking-plumbing-600x684.jpg 600w\" sizes=\"auto, (max-width: 684px) 100vw, 684px\" \/><\/div><\/div><\/div><\/div>[\/vc_column][vc_column width=&#8220;2\/3&#8243;]<div id=\"cz_94876\" data-position=\"top-right\" class=\"cz_94876 cz_image clr cz_image_no_fx center_on_mobile\"><div class=\"\" ><div class=\"cz_image_in\"><div class=\"cz_main_image\"><img loading=\"lazy\" decoding=\"async\" width=\"250\" height=\"250\" src=\"https:\/\/www.hewaks.de\/wp-content\/uploads\/2020\/11\/24-7-1.png\" class=\"attachment-full\" alt=\"\" title=\"24-7\" srcset=\"https:\/\/www.hewaks.de\/wp-content\/uploads\/2020\/11\/24-7-1.png 250w, https:\/\/www.hewaks.de\/wp-content\/uploads\/2020\/11\/24-7-1-150x150.png 150w\" sizes=\"auto, (max-width: 250px) 100vw, 250px\" \/><\/div><\/div><\/div><\/div><div class=\"cz_gap clr  hide_on_tablet hide_on_mobile\" style=\"height: 60px\"><\/div><div class=\"cz_gap show_on_tablet clr  show_only_tablet\" style=\"height: 40px\"><\/div><div class=\"cz_gap show_on_mobile clr\" style=\"height: 40px\"><\/div><div id=\"cz_108984\" class=\"cz_108984 cz_title clr cz_mobile_text_center cz_title_pos_center tac\"><div class=\"cz_title_content\"><div class=\"cz_wpe_content\"><p style=\"text-align: center;\">Zadovoljstvo na\u0161ih kupaca je na\u0161a najve\u0107a preporuka.<br \/>\nDa li tra\u017eite pouzdanu i odgovornu firmu za grejanje, vodovod, klima ure\u0111aje, solarne sisteme i jo\u0161 mnogo toga?<\/p>\n<\/div><\/div><\/div><div class=\"cz_gap clr  hide_on_tablet hide_on_mobile\" style=\"height: 20px\"><\/div><div class=\"cz_gap show_on_tablet clr \" style=\"height: 50px\"><\/div>[vc_column_text]<\/p>\n<h3 style=\"text-align: center;\">Hitne intervencije 00-24h<\/h3>\n<p>[\/vc_column_text][\/vc_column][\/vc_row][vc_row][vc_column width=&#8220;1\/6&#8243;][\/vc_column][vc_column width=&#8220;2\/3&#8243;]<div class=\"cz_gap clr \" style=\"height: 50px\"><\/div><div class=\"cz_eqh cz_content_box_parent_fx  \"><div id=\"cz_98848\" class=\"cz_98848 cz_content_box clr\"><div class=\"cz_box_front clr\"><div class=\"cz_box_front_inner clr \"><span><\/span><div>[vc_row_inner content_placement=&#8220;middle&#8220;][vc_column_inner offset=&#8220;vc_col-md-8&#8243;]<div id=\"cz_50598\" class=\"cz_50598 cz_title clr cz_mobile_text_center cz_title_has_icon cz_title_pos_inline\"><div class=\"cz_title_content\"><span class=\"cz_title_icon_before cz_title_image\"><img loading=\"lazy\" decoding=\"async\" width=\"180\" height=\"180\" src=\"https:\/\/www.hewaks.de\/wp-content\/uploads\/2019\/06\/pipe-2.png\" class=\"attachment-full\" alt=\"\" title=\"pipe (2)\" srcset=\"https:\/\/www.hewaks.de\/wp-content\/uploads\/2019\/06\/pipe-2.png 180w, https:\/\/www.hewaks.de\/wp-content\/uploads\/2019\/06\/pipe-2-150x150.png 150w\" sizes=\"auto, (max-width: 180px) 100vw, 180px\" \/><\/span><div class=\"cz_wpe_content\"><h3><span style=\"margin-bottom: 10px; display: inline-block; color: #223d65;\">Kontaktirajte nas<br \/>\n<\/span><\/h3>\n<div style=\"line-height: 1.6;\"><span style=\"color: #223d65; font-size: 20px;\">Rado \u0107emo vam odgovoriti.<\/span><\/div>\n<\/div><\/div><\/div>[\/vc_column_inner][vc_column_inner offset=&#8220;vc_col-md-4 vc_col-xs-12&#8243;]<div class=\"cz_gap clr  hide_on_tablet hide_on_mobile\" style=\"height: 0px\"><\/div><div class=\"cz_gap show_on_tablet clr \" style=\"height: 50px\"><\/div><div class=\"cz_btn_right cz_mobile_btn_center\"><div class=\"cz_61905_p\"><a id=\"cz_61905\" class=\"cz_61905 cz_btn cz_btn_txt_no_fx cz_btn_circle_fade cz_btn_icon_after\" href=\"https:\/\/www.hewaks.de\/sr\/kontakt\/\" title=\"Shop\" aria-label=\"Shop\"><span><strong>Kontakt<\/strong><i class=\"fa fa-angle-right\"><\/i><\/span><b class=\"cz_btn_onhover\"><strong>Kontakt<\/strong><i class=\"fa fa-angle-right\"><\/i><\/b><\/a><\/div><\/div><div class=\"clr\"><\/div>[\/vc_column_inner][\/vc_row_inner]<\/div><\/div><\/div><\/div><\/div><div class=\"cz_gap clr  hide_on_tablet hide_on_mobile\" style=\"height: 200px\"><\/div><div class=\"cz_gap show_on_tablet clr \" style=\"height: 150px\"><\/div>[\/vc_column][vc_column width=&#8220;1\/6&#8243;][\/vc_column][\/vc_row][vc_row full_width=&#8220;stretch_row&#8220; css=&#8220;.vc_custom_1560506300661{background-color: rgba(34,61,101,0.1) !important;*background-color: rgb(34,61,101) !important;}&#8220;][vc_column][vc_row_inner css=&#8220;.vc_custom_1606407871606{margin-top: -50px !important;}&#8220;][vc_column_inner offset=&#8220;vc_col-md-4&#8243;]<div id=\"cz_86098\" class=\"cz_86098 services clr style11 services_b\"><div class=\"service_img\"><img loading=\"lazy\" decoding=\"async\" width=\"800\" height=\"700\" src=\"https:\/\/www.hewaks.de\/wp-content\/uploads\/2019\/06\/po7.jpg\" class=\"service-icon attachment-full\" alt=\"\" title=\"po7\" srcset=\"https:\/\/www.hewaks.de\/wp-content\/uploads\/2019\/06\/po7.jpg 800w, https:\/\/www.hewaks.de\/wp-content\/uploads\/2019\/06\/po7-300x263.jpg 300w, https:\/\/www.hewaks.de\/wp-content\/uploads\/2019\/06\/po7-768x672.jpg 768w, https:\/\/www.hewaks.de\/wp-content\/uploads\/2019\/06\/po7-600x525.jpg 600w\" sizes=\"auto, (max-width: 800px) 100vw, 800px\" \/><\/div><div class=\"service_text\"><h3>Vodoinstalater<\/h3><div class=\"cz_wpe_content\">Planiranje, savetovanje i merenje va\u0161ih elemenata kupatila &#8230;<\/div><\/div><\/div><div class=\"cz_btn_block\"><div class=\"cz_82049_p\"><a id=\"cz_82049\" class=\"cz_82049 cz_btn cz_btn_txt_no_fx cz_btn_move_up cz_btn_icon_after\" href=\"https:\/\/www.hewaks.de\/sr\/usluge\/vodoinstalater\/\" title=\"Mehr erfahren\" aria-label=\"Mehr erfahren\"><span><strong>Vi\u0161e informacija<\/strong><i class=\"fa fa-angle-right\"><\/i><\/span><b class=\"cz_btn_onhover\"><strong>Vi\u0161e informacija<\/strong><i class=\"fa fa-angle-right\"><\/i><\/b><\/a><\/div><\/div><div class=\"cz_gap show_on_tablet clr \" style=\"height: 100px\"><\/div>[\/vc_column_inner][vc_column_inner offset=&#8220;vc_col-md-4&#8243;]<div id=\"cz_88500\" class=\"cz_88500 services clr style11 services_b\"><div class=\"service_img\"><img loading=\"lazy\" decoding=\"async\" width=\"800\" height=\"700\" src=\"https:\/\/www.hewaks.de\/wp-content\/uploads\/2020\/11\/heizung-grejanje.jpg\" class=\"service-icon attachment-full\" alt=\"\" title=\"heizung-grejanje\" srcset=\"https:\/\/www.hewaks.de\/wp-content\/uploads\/2020\/11\/heizung-grejanje.jpg 800w, https:\/\/www.hewaks.de\/wp-content\/uploads\/2020\/11\/heizung-grejanje-300x263.jpg 300w, https:\/\/www.hewaks.de\/wp-content\/uploads\/2020\/11\/heizung-grejanje-768x672.jpg 768w, https:\/\/www.hewaks.de\/wp-content\/uploads\/2020\/11\/heizung-grejanje-600x525.jpg 600w\" sizes=\"auto, (max-width: 800px) 100vw, 800px\" \/><\/div><div class=\"service_text\"><h3>Grejanje<\/h3><div class=\"cz_wpe_content\">Grejanje na gas, uljno grejanje, toplotne pumpe, grejanje na pelet &#8230;<\/div><\/div><\/div><div class=\"cz_btn_block\"><div class=\"cz_104202_p\"><a id=\"cz_104202\" class=\"cz_104202 cz_btn cz_btn_txt_no_fx cz_btn_move_up cz_btn_icon_after\" href=\"https:\/\/www.hewaks.de\/sr\/usluge\/grejanje\/\" title=\"Mehr erfahren\" aria-label=\"Mehr erfahren\"><span><strong>Vi\u0161e informacija<\/strong><i class=\"fa fa-angle-right\"><\/i><\/span><b class=\"cz_btn_onhover\"><strong>Vi\u0161e informacija<\/strong><i class=\"fa fa-angle-right\"><\/i><\/b><\/a><\/div><\/div><div class=\"cz_gap show_on_tablet clr \" style=\"height: 100px\"><\/div>[\/vc_column_inner][vc_column_inner offset=&#8220;vc_col-md-4&#8243;]<div id=\"cz_103483\" class=\"cz_103483 services clr style11 services_b\"><div class=\"service_img\"><img loading=\"lazy\" decoding=\"async\" width=\"800\" height=\"700\" src=\"https:\/\/www.hewaks.de\/wp-content\/uploads\/2020\/11\/klima.jpg\" class=\"service-icon attachment-full\" alt=\"\" title=\"klima\" srcset=\"https:\/\/www.hewaks.de\/wp-content\/uploads\/2020\/11\/klima.jpg 800w, https:\/\/www.hewaks.de\/wp-content\/uploads\/2020\/11\/klima-300x263.jpg 300w, https:\/\/www.hewaks.de\/wp-content\/uploads\/2020\/11\/klima-768x672.jpg 768w, https:\/\/www.hewaks.de\/wp-content\/uploads\/2020\/11\/klima-600x525.jpg 600w\" sizes=\"auto, (max-width: 800px) 100vw, 800px\" \/><\/div><div class=\"service_text\"><h3>Klimatizacija i ventilacija<\/h3><div class=\"cz_wpe_content\">Sistemi hladjenja za industrijske i komercijalne svrhe, ventilacija &#8230;<\/div><\/div><\/div><div class=\"cz_btn_block\"><div class=\"cz_82668_p\"><a id=\"cz_82668\" class=\"cz_82668 cz_btn cz_btn_txt_no_fx cz_btn_move_up cz_btn_icon_after\" href=\"https:\/\/www.hewaks.de\/sr\/usluge\/klima-uredaji-i-ventilacioni-sistemi\/\" title=\"Mehr erfahren\" aria-label=\"Mehr erfahren\"><span><strong>Vi\u0161e informacija<\/strong><i class=\"fa fa-angle-right\"><\/i><\/span><b class=\"cz_btn_onhover\"><strong>Vi\u0161e informacija<\/strong><i class=\"fa fa-angle-right\"><\/i><\/b><\/a><\/div><\/div><div class=\"cz_gap show_on_tablet clr \" style=\"height: 100px\"><\/div>[\/vc_column_inner][\/vc_row_inner]<div class=\"cz_gap clr \" style=\"height: 50px\"><\/div>[\/vc_column][\/vc_row]<\/p>\n<\/div>","protected":false},"excerpt":{"rendered":"<p>[vc_row full_width=&#8220;stretch_row&#8220; css=&#8220;.vc_custom_1560761229379{background-color: rgba(34,61,101,0.05) !important;*background-color: rgb(34,61,101) !important;}&#8220; el_class=&#8220;cz_reverse_row&#8220;][vc_column width=&#8220;1\/6&#8243;][\/vc_column][vc_column width=&#8220;2\/3&#8243;][\/vc_column][vc_column width=&#8220;1\/6&#8243;][\/vc_column][\/vc_row][vc_row][vc_column &#8230; <\/p>\n","protected":false},"author":1,"featured_media":0,"parent":0,"menu_order":0,"comment_status":"closed","ping_status":"closed","template":"","meta":{"footnotes":""},"class_list":["post-1851","page","type-page","status-publish","hentry"],"_links":{"self":[{"href":"https:\/\/www.hewaks.de\/sr\/wp-json\/wp\/v2\/pages\/1851","targetHints":{"allow":["GET"]}}],"collection":[{"href":"https:\/\/www.hewaks.de\/sr\/wp-json\/wp\/v2\/pages"}],"about":[{"href":"https:\/\/www.hewaks.de\/sr\/wp-json\/wp\/v2\/types\/page"}],"author":[{"embeddable":true,"href":"https:\/\/www.hewaks.de\/sr\/wp-json\/wp\/v2\/users\/1"}],"replies":[{"embeddable":true,"href":"https:\/\/www.hewaks.de\/sr\/wp-json\/wp\/v2\/comments?post=1851"}],"version-history":[{"count":11,"href":"https:\/\/www.hewaks.de\/sr\/wp-json\/wp\/v2\/pages\/1851\/revisions"}],"predecessor-version":[{"id":1942,"href":"https:\/\/www.hewaks.de\/sr\/wp-json\/wp\/v2\/pages\/1851\/revisions\/1942"}],"wp:attachment":[{"href":"https:\/\/www.hewaks.de\/sr\/wp-json\/wp\/v2\/media?parent=1851"}],"curies":[{"name":"wp","href":"https:\/\/api.w.org\/{rel}","templated":true}]}}