{"id":1849,"date":"2018-05-29T11:11:20","date_gmt":"2018-05-29T11:11:20","guid":{"rendered":"https:\/\/www.hewaks.de\/leistungen\/sanitaer\/"},"modified":"2020-12-07T21:04:03","modified_gmt":"2020-12-07T21:04:03","slug":"vodoinstalater","status":"publish","type":"page","link":"https:\/\/www.hewaks.de\/sr\/usluge\/vodoinstalater\/","title":{"rendered":"Vodoinstalater"},"content":{"rendered":"<div class=\"wpb-content-wrapper\"><p>[vc_row content_placement=&#8220;middle&#8220;][vc_column offset=&#8220;vc_col-lg-6&#8243;]<div class=\"cz_eqh cz_content_box_parent_fx  \"><div id=\"cz_33734\" class=\"cz_33734 cz_content_box clr\"><div class=\"cz_box_front clr\"><div class=\"cz_box_front_inner clr \"><span><\/span><div><div id=\"cz_77643\" class=\"cz_77643 cz_title clr cz_mobile_text_center cz_title_pos_inline\"><div class=\"cz_title_content\"><div class=\"cz_wpe_content\"><h2>Vodoinstalaterske usluge<\/h2>\n<\/div><\/div><\/div><div class=\"cz_gap clr \" style=\"height: 20px\"><\/div>[vc_column_text]Srce va\u0161eg doma je sanitarna instalacija, jer je kupatilo prostor za odmor i opu\u0161tanje. Iz tog razloga posebno pridajemo zna\u010daj visokokvalitetnim brendiranim proizvodima prilikom ugradnje elemenata kupatila kako bi ono bilo prava oaza mira. Za sanitarije oslanjamo se isklju\u010divo na jake partnere kao \u0161to je Grohe.<\/p>\n<p>Bi\u0107e nam drago da podr\u017eimo va\u0161 sopstveni dizajn i stil izabirom elemenata kupatila. Trudi\u0107emo se da budete maksimalno uklju\u010deni u implementaciju i planiranje va\u0161eg novog kupatila.[\/vc_column_text]<div class=\"cz_gap clr  hide_on_tablet hide_on_mobile\" style=\"height: 20px\"><\/div><div class=\"cz_gap show_on_tablet clr \" style=\"height: 10px\"><\/div>[vc_column_text]<\/p>\n<h3>Na\u0161e usluge:<\/h3>\n<p>[\/vc_column_text]<div class=\"cz_gap clr  hide_on_tablet hide_on_mobile\" style=\"height: 20px\"><\/div><div class=\"cz_gap show_on_tablet clr \" style=\"height: 10px\"><\/div><ul id=\"cz_34046\" class=\"cz_34046 cz_stylish_list clr cz_sl_icon_hover_zoom_in_fade\"><li class=\"clr\"><div class=\"cz_sl_icon\"><i class=\"fa czico-072-check-mark mr10\" ><\/i><\/div><div><span>Planiranje, savetovanje i merenje va\u0161ih sanitarnih elemenata<\/span><\/div><\/li><li class=\"clr\"><div class=\"cz_sl_icon\"><i class=\"fa czico-072-check-mark mr10\" ><\/i><\/div><div><span>\u010ci\u0161\u0107enje cevi<\/span><\/div><\/li><li class=\"clr\"><div class=\"cz_sl_icon\"><i class=\"fa czico-072-check-mark mr10\" ><\/i><\/div><div><span>Popravka fitinga i sanitarnih objekata<\/span><\/div><\/li><li class=\"clr\"><div class=\"cz_sl_icon\"><i class=\"fa czico-072-check-mark mr10\" ><\/i><\/div><div><span>Renoviranje cevi<\/span><\/div><\/li><li class=\"clr\"><div class=\"cz_sl_icon\"><i class=\"fa czico-072-check-mark mr10\" ><\/i><\/div><div><span>Renoviranje starih i novih zgrada<\/span><\/div><\/li><li class=\"clr\"><div class=\"cz_sl_icon\"><i class=\"fa czico-072-check-mark mr10\" ><\/i><\/div><div><span>Oluci<\/span><\/div><\/li><\/ul><\/div><\/div><\/div><\/div><\/div>[\/vc_column][vc_column offset=&#8220;vc_col-lg-6&#8243;]<div id=\"cz_14803\" data-position=\"top-right\" class=\"cz_14803 cz_image clr cz_image_no_fx center_on_mobile\"><div class=\"\" ><div class=\"cz_image_in\"><div class=\"cz_main_image\"><img loading=\"lazy\" decoding=\"async\" width=\"780\" height=\"700\" src=\"https:\/\/www.hewaks.de\/wp-content\/uploads\/2019\/06\/p9.jpg\" class=\"attachment-full\" alt=\"\" title=\"p9\" srcset=\"https:\/\/www.hewaks.de\/wp-content\/uploads\/2019\/06\/p9.jpg 780w, https:\/\/www.hewaks.de\/wp-content\/uploads\/2019\/06\/p9-300x269.jpg 300w, https:\/\/www.hewaks.de\/wp-content\/uploads\/2019\/06\/p9-768x689.jpg 768w, https:\/\/www.hewaks.de\/wp-content\/uploads\/2019\/06\/p9-600x538.jpg 600w\" sizes=\"auto, (max-width: 780px) 100vw, 780px\" \/><\/div><\/div><div class=\"cz_image_caption mt10 cz_wpe_content\"><p>Adresa: Friedrich-Ebert-Str. 3,<br \/>\n63322 R\u00f6dermark (Hessen, Deutschland)<br \/>\nTelefon: 0176\/63096385<br \/>\nE-Mail: hewaks@outlook.de<\/p>\n<p>&nbsp;<\/p>\n<\/div><\/div><\/div>[\/vc_column][\/vc_row]<\/p>\n<\/div>","protected":false},"excerpt":{"rendered":"<p>[vc_row content_placement=&#8220;middle&#8220;][vc_column offset=&#8220;vc_col-lg-6&#8243;][\/vc_column][vc_column offset=&#8220;vc_col-lg-6&#8243;][\/vc_column][\/vc_row] &#8230; <\/p>\n","protected":false},"author":1,"featured_media":0,"parent":1842,"menu_order":0,"comment_status":"closed","ping_status":"closed","template":"","meta":{"footnotes":""},"class_list":["post-1849","page","type-page","status-publish","hentry"],"_links":{"self":[{"href":"https:\/\/www.hewaks.de\/sr\/wp-json\/wp\/v2\/pages\/1849","targetHints":{"allow":["GET"]}}],"collection":[{"href":"https:\/\/www.hewaks.de\/sr\/wp-json\/wp\/v2\/pages"}],"about":[{"href":"https:\/\/www.hewaks.de\/sr\/wp-json\/wp\/v2\/types\/page"}],"author":[{"embeddable":true,"href":"https:\/\/www.hewaks.de\/sr\/wp-json\/wp\/v2\/users\/1"}],"replies":[{"embeddable":true,"href":"https:\/\/www.hewaks.de\/sr\/wp-json\/wp\/v2\/comments?post=1849"}],"version-history":[{"count":6,"href":"https:\/\/www.hewaks.de\/sr\/wp-json\/wp\/v2\/pages\/1849\/revisions"}],"predecessor-version":[{"id":2006,"href":"https:\/\/www.hewaks.de\/sr\/wp-json\/wp\/v2\/pages\/1849\/revisions\/2006"}],"up":[{"embeddable":true,"href":"https:\/\/www.hewaks.de\/sr\/wp-json\/wp\/v2\/pages\/1842"}],"wp:attachment":[{"href":"https:\/\/www.hewaks.de\/sr\/wp-json\/wp\/v2\/media?parent=1849"}],"curies":[{"name":"wp","href":"https:\/\/api.w.org\/{rel}","templated":true}]}}