{"id":1827,"date":"2020-11-27T10:31:09","date_gmt":"2020-11-27T10:31:09","guid":{"rendered":"https:\/\/www.hewaks.de\/heizung\/"},"modified":"2020-12-07T21:10:30","modified_gmt":"2020-12-07T21:10:30","slug":"grejanje","status":"publish","type":"page","link":"https:\/\/www.hewaks.de\/sr\/usluge\/grejanje\/","title":{"rendered":"Grejanje"},"content":{"rendered":"<div class=\"wpb-content-wrapper\"><p>[vc_row content_placement=&#8220;middle&#8220;][vc_column offset=&#8220;vc_col-lg-6&#8243;]<div class=\"cz_eqh cz_content_box_parent_fx  \"><div id=\"cz_33734\" class=\"cz_33734 cz_content_box clr\"><div class=\"cz_box_front clr\"><div class=\"cz_box_front_inner clr \"><span><\/span><div><div id=\"cz_34792\" class=\"cz_34792 cz_title clr cz_mobile_text_center cz_title_pos_inline\"><div class=\"cz_title_content\"><div class=\"cz_wpe_content\"><h2>Grejanje<\/h2>\n<\/div><\/div><\/div><div class=\"cz_gap clr \" style=\"height: 20px\"><\/div>[vc_column_text]<\/p>\n<p style=\"text-align: justify;\">Izbor pravog grejanja za va\u0161 dom je od velikog zna\u010daja. Uz pomo\u0107 izra\u010dunavanja optere\u0107enja grejanja, za va\u0161e doma\u0107instvo biramo idealno prilago\u0111en sistem grejanja. Kod grejanja, glavni fokus je na izboru sistema grejanja koji je ekolo\u0161ki prihvatljiviji i energetski efikasniji za va\u0161 dom. Pored toga, ne samo da \u0161tedite tro\u0161kove, ve\u0107 ula\u017eete i u budu\u0107nost.<\/p>\n<p style=\"text-align: justify;\">Na\u0161a kompanija pridaje veliki zna\u010daj stru\u010dnom usavr\u0161avanju, zbog \u010dega su na\u0161i zaposleni uvek u toku sa najsavremenijom tehnologijom. Na\u0161e majstore za grejanje tako\u0111e podr\u017eavaju stru\u010dnjaci velikih proizvo\u0111a\u010da kao \u0161to su Vaillant, Junkers, Br\u00f6tje, Buderus i Viessmann u izgradnji ili naknadnim instalacijama savremenih i efikasnih sistema grejanja.<\/p>\n<p style=\"text-align: justify;\">U cilju razvoja najboljeg mogu\u0107eg re\u0161enja i otklanjanja svih nedoumica, na po\u010detku na\u0161e saradnje kroz detaljan razgovor se analiziraju sve va\u0161e potrebe i zahtevi.<\/p>\n<p>[\/vc_column_text]<div class=\"cz_gap clr  hide_on_tablet hide_on_mobile\" style=\"height: 20px\"><\/div><div class=\"cz_gap show_on_tablet clr \" style=\"height: 10px\"><\/div>[vc_column_text]<\/p>\n<h3>Na\u0161e usluge:<\/h3>\n<p>[\/vc_column_text]<div class=\"cz_gap clr  hide_on_tablet hide_on_mobile\" style=\"height: 20px\"><\/div><div class=\"cz_gap show_on_tablet clr \" style=\"height: 10px\"><\/div><ul id=\"cz_15578\" class=\"cz_15578 cz_stylish_list clr cz_sl_icon_hover_none\"><li class=\"clr\"><div class=\"cz_sl_icon\"><i class=\"fa czico-072-check-mark mr10\" ><\/i><\/div><div><span>Grejanje na gas<\/span><\/div><\/li><li class=\"clr\"><div class=\"cz_sl_icon\"><i class=\"fa czico-072-check-mark mr10\" ><\/i><\/div><div><span>Uljno grejanje<\/span><\/div><\/li><li class=\"clr\"><div class=\"cz_sl_icon\"><i class=\"fa czico-072-check-mark mr10\" ><\/i><\/div><div><span>Toplotne pumpe<\/span><\/div><\/li><li class=\"clr\"><div class=\"cz_sl_icon\"><i class=\"fa czico-072-check-mark mr10\" ><\/i><\/div><div><span>Grejanje na pelet<\/span><\/div><\/li><li class=\"clr\"><div class=\"cz_sl_icon\"><i class=\"fa czico-072-check-mark mr10\" ><\/i><\/div><div><span>Podno grejanje<\/span><\/div><\/li><li class=\"clr\"><div class=\"cz_sl_icon\"><i class=\"fa czico-072-check-mark mr10\" ><\/i><\/div><div><span>Saveti i planiranje va\u0161eg novog sistema grejanja<\/span><\/div><\/li><li class=\"clr\"><div class=\"cz_sl_icon\"><i class=\"fa czico-072-check-mark mr10\" ><\/i><\/div><div><span>Instalacija i uputstva ( za nove uredjaje)<\/span><\/div><\/li><li class=\"clr\"><div class=\"cz_sl_icon\"><i class=\"fa czico-072-check-mark mr10\" ><\/i><\/div><div><span>Odr\u017eavanje<\/span><\/div><\/li><\/ul><\/div><\/div><\/div><\/div><\/div>[\/vc_column][vc_column offset=&#8220;vc_col-lg-6&#8243;]<div id=\"cz_68684\" data-position=\"top-right\" class=\"cz_68684 cz_image clr cz_image_no_fx center_on_mobile\"><div class=\"\" ><div class=\"cz_image_in\"><div class=\"cz_main_image\"><img loading=\"lazy\" decoding=\"async\" width=\"800\" height=\"700\" src=\"https:\/\/www.hewaks.de\/wp-content\/uploads\/2020\/11\/heizung-grejanje.jpg\" class=\"attachment-full\" alt=\"\" title=\"heizung-grejanje\" srcset=\"https:\/\/www.hewaks.de\/wp-content\/uploads\/2020\/11\/heizung-grejanje.jpg 800w, https:\/\/www.hewaks.de\/wp-content\/uploads\/2020\/11\/heizung-grejanje-300x263.jpg 300w, https:\/\/www.hewaks.de\/wp-content\/uploads\/2020\/11\/heizung-grejanje-768x672.jpg 768w, https:\/\/www.hewaks.de\/wp-content\/uploads\/2020\/11\/heizung-grejanje-600x525.jpg 600w\" sizes=\"auto, (max-width: 800px) 100vw, 800px\" \/><\/div><\/div><div class=\"cz_image_caption mt10 cz_wpe_content\"><p>Adresa: Friedrich-Ebert-Str. 3,<br \/>\n63322 R\u00f6dermark (Hessen, Deutschland)<br \/>\nTelefon: 0176\/63096385<br \/>\nE-Mail: hewaks@outlook.de<\/p>\n<p>&nbsp;<\/p>\n<\/div><\/div><\/div>[\/vc_column][\/vc_row]<\/p>\n<\/div>","protected":false},"excerpt":{"rendered":"<p>[vc_row content_placement=&#8220;middle&#8220;][vc_column offset=&#8220;vc_col-lg-6&#8243;][\/vc_column][vc_column offset=&#8220;vc_col-lg-6&#8243;][\/vc_column][\/vc_row] &#8230; <\/p>\n","protected":false},"author":1,"featured_media":0,"parent":1842,"menu_order":0,"comment_status":"closed","ping_status":"closed","template":"","meta":{"footnotes":""},"class_list":["post-1827","page","type-page","status-publish","hentry"],"_links":{"self":[{"href":"https:\/\/www.hewaks.de\/sr\/wp-json\/wp\/v2\/pages\/1827","targetHints":{"allow":["GET"]}}],"collection":[{"href":"https:\/\/www.hewaks.de\/sr\/wp-json\/wp\/v2\/pages"}],"about":[{"href":"https:\/\/www.hewaks.de\/sr\/wp-json\/wp\/v2\/types\/page"}],"author":[{"embeddable":true,"href":"https:\/\/www.hewaks.de\/sr\/wp-json\/wp\/v2\/users\/1"}],"replies":[{"embeddable":true,"href":"https:\/\/www.hewaks.de\/sr\/wp-json\/wp\/v2\/comments?post=1827"}],"version-history":[{"count":5,"href":"https:\/\/www.hewaks.de\/sr\/wp-json\/wp\/v2\/pages\/1827\/revisions"}],"predecessor-version":[{"id":1904,"href":"https:\/\/www.hewaks.de\/sr\/wp-json\/wp\/v2\/pages\/1827\/revisions\/1904"}],"up":[{"embeddable":true,"href":"https:\/\/www.hewaks.de\/sr\/wp-json\/wp\/v2\/pages\/1842"}],"wp:attachment":[{"href":"https:\/\/www.hewaks.de\/sr\/wp-json\/wp\/v2\/media?parent=1827"}],"curies":[{"name":"wp","href":"https:\/\/api.w.org\/{rel}","templated":true}]}}