{"id":1825,"date":"2020-11-27T10:32:06","date_gmt":"2020-11-27T10:32:06","guid":{"rendered":"https:\/\/www.hewaks.de\/klima-lueftungsanlagen\/"},"modified":"2020-12-07T21:13:01","modified_gmt":"2020-12-07T21:13:01","slug":"klima-uredaji-i-ventilacioni-sistemi","status":"publish","type":"page","link":"https:\/\/www.hewaks.de\/sr\/usluge\/klima-uredaji-i-ventilacioni-sistemi\/","title":{"rendered":"Klima ure\u0111aji i ventilacioni sistemi"},"content":{"rendered":"<div class=\"wpb-content-wrapper\"><p>[vc_row content_placement=&#8220;middle&#8220;][vc_column offset=&#8220;vc_col-lg-6&#8243;]<div class=\"cz_eqh cz_content_box_parent_fx  \"><div id=\"cz_33734\" class=\"cz_33734 cz_content_box clr\"><div class=\"cz_box_front clr\"><div class=\"cz_box_front_inner clr \"><span><\/span><div><div id=\"cz_23265\" class=\"cz_23265 cz_title clr cz_mobile_text_center cz_title_pos_inline\"><div class=\"cz_title_content\"><div class=\"cz_wpe_content\"><h2>Klima ure\u0111aji i ventilacioni sistemi<\/h2>\n<\/div><\/div><\/div><div class=\"cz_gap clr \" style=\"height: 20px\"><\/div>[vc_column_text]Osiguravamo prijatnu klimu u va\u0161em prostoru.<\/p>\n<p>Na\u0161 visokokvalifikovani tim \u0107e vas rado posavetovati o planiranju idealnog sistema klimatizacije i ventilacije. Zajedno sa na\u0161im tehni\u010darima dobi\u0107ete najefikasniji i najisplativiji sistem klimatizacije i ventilacije za va\u0161 dom ili poslovni prostor.[\/vc_column_text]<div class=\"cz_gap clr  hide_on_tablet hide_on_mobile\" style=\"height: 20px\"><\/div><div class=\"cz_gap show_on_tablet clr \" style=\"height: 10px\"><\/div>[vc_column_text]<\/p>\n<h3>Na\u0161e usluge:<\/h3>\n<p>[\/vc_column_text]<div class=\"cz_gap clr  hide_on_tablet hide_on_mobile\" style=\"height: 20px\"><\/div><div class=\"cz_gap show_on_tablet clr \" style=\"height: 10px\"><\/div><ul id=\"cz_28871\" class=\"cz_28871 cz_stylish_list clr cz_sl_icon_hover_zoom_in_fade\"><li class=\"clr\"><div class=\"cz_sl_icon\"><i class=\"fa czico-072-check-mark mr10\" ><\/i><\/div><div><span>Sistemi hladjenja za industrijske i komercijalne svrhe<\/span><\/div><\/li><li class=\"clr\"><div class=\"cz_sl_icon\"><i class=\"fa czico-072-check-mark mr10\" ><\/i><\/div><div><span>Split klima ure\u0111aji razli\u010ditih namena<\/span><\/div><\/li><li class=\"clr\"><div class=\"cz_sl_icon\"><i class=\"fa czico-072-check-mark mr10\" ><\/i><\/div><div><span>Toplotne pumpe razli\u010ditog dizajna<\/span><\/div><\/li><li class=\"clr\"><div class=\"cz_sl_icon\"><i class=\"fa czico-072-check-mark mr10\" ><\/i><\/div><div><span>Klima sistemi za kancelarijske, komercijalne i data centre<\/span><\/div><\/li><li class=\"clr\"><div class=\"cz_sl_icon\"><i class=\"fa czico-072-check-mark mr10\" ><\/i><\/div><div><span>Planiranje, ugradnja, proizvodnja sistema vazdu\u0161ne ventilacije<\/span><\/div><\/li><\/ul><\/div><\/div><\/div><\/div><\/div>[\/vc_column][vc_column offset=&#8220;vc_col-lg-6&#8243;]<div id=\"cz_31913\" data-position=\"top-right\" class=\"cz_31913 cz_image clr cz_image_no_fx center_on_mobile\"><div class=\"\" ><div class=\"cz_image_in\"><div class=\"cz_main_image\"><img loading=\"lazy\" decoding=\"async\" width=\"800\" height=\"700\" src=\"https:\/\/www.hewaks.de\/wp-content\/uploads\/2020\/11\/klima.jpg\" class=\"attachment-full\" alt=\"\" title=\"klima\" srcset=\"https:\/\/www.hewaks.de\/wp-content\/uploads\/2020\/11\/klima.jpg 800w, https:\/\/www.hewaks.de\/wp-content\/uploads\/2020\/11\/klima-300x263.jpg 300w, https:\/\/www.hewaks.de\/wp-content\/uploads\/2020\/11\/klima-768x672.jpg 768w, https:\/\/www.hewaks.de\/wp-content\/uploads\/2020\/11\/klima-600x525.jpg 600w\" sizes=\"auto, (max-width: 800px) 100vw, 800px\" \/><\/div><\/div><div class=\"cz_image_caption mt10 cz_wpe_content\"><p>Adresa: Friedrich-Ebert-Str. 3,<br \/>\n63322 R\u00f6dermark (Hessen, Deutschland)<br \/>\nTelefon: 0176\/63096385<br \/>\nE-Mail: hewaks@outlook.de<\/p>\n<p>&nbsp;<\/p>\n<\/div><\/div><\/div>[\/vc_column][\/vc_row]<\/p>\n<\/div>","protected":false},"excerpt":{"rendered":"<p>[vc_row content_placement=&#8220;middle&#8220;][vc_column offset=&#8220;vc_col-lg-6&#8243;][\/vc_column][vc_column offset=&#8220;vc_col-lg-6&#8243;][\/vc_column][\/vc_row] &#8230; <\/p>\n","protected":false},"author":1,"featured_media":0,"parent":1842,"menu_order":0,"comment_status":"closed","ping_status":"closed","template":"","meta":{"footnotes":""},"class_list":["post-1825","page","type-page","status-publish","hentry"],"_links":{"self":[{"href":"https:\/\/www.hewaks.de\/sr\/wp-json\/wp\/v2\/pages\/1825","targetHints":{"allow":["GET"]}}],"collection":[{"href":"https:\/\/www.hewaks.de\/sr\/wp-json\/wp\/v2\/pages"}],"about":[{"href":"https:\/\/www.hewaks.de\/sr\/wp-json\/wp\/v2\/types\/page"}],"author":[{"embeddable":true,"href":"https:\/\/www.hewaks.de\/sr\/wp-json\/wp\/v2\/users\/1"}],"replies":[{"embeddable":true,"href":"https:\/\/www.hewaks.de\/sr\/wp-json\/wp\/v2\/comments?post=1825"}],"version-history":[{"count":4,"href":"https:\/\/www.hewaks.de\/sr\/wp-json\/wp\/v2\/pages\/1825\/revisions"}],"predecessor-version":[{"id":2008,"href":"https:\/\/www.hewaks.de\/sr\/wp-json\/wp\/v2\/pages\/1825\/revisions\/2008"}],"up":[{"embeddable":true,"href":"https:\/\/www.hewaks.de\/sr\/wp-json\/wp\/v2\/pages\/1842"}],"wp:attachment":[{"href":"https:\/\/www.hewaks.de\/sr\/wp-json\/wp\/v2\/media?parent=1825"}],"curies":[{"name":"wp","href":"https:\/\/api.w.org\/{rel}","templated":true}]}}